{"id":1599,"date":"2024-09-30T09:22:43","date_gmt":"2024-09-30T09:22:43","guid":{"rendered":"https:\/\/fgleadership.se\/?page_id=1599"},"modified":"2025-04-25T13:30:08","modified_gmt":"2025-04-25T13:30:08","slug":"contacts","status":"publish","type":"page","link":"https:\/\/fgleadership.se\/en\/contacts\/","title":{"rendered":"CONTACTS"},"content":{"rendered":"<div data-elementor-type=\"wp-page\" data-elementor-id=\"1599\" class=\"elementor elementor-1599\" data-elementor-post-type=\"page\">\n\t\t\t\t<div class=\"elementor-element elementor-element-2b28ecf e-con-full e-flex e-con e-parent\" data-id=\"2b28ecf\" data-element_type=\"container\" data-e-type=\"container\" data-settings=\"{&quot;background_background&quot;:&quot;classic&quot;}\">\n\t\t<div class=\"elementor-element elementor-element-037ec5b e-con-full e-flex e-con e-child\" data-id=\"037ec5b\" data-element_type=\"container\" data-e-type=\"container\">\n\t\t\t\t<div class=\"elementor-element elementor-element-e185df0 elementor-widget elementor-widget-heading\" data-id=\"e185df0\" data-element_type=\"widget\" data-e-type=\"widget\" data-widget_type=\"heading.default\">\n\t\t\t\t<div class=\"elementor-widget-container\">\n\t\t\t\t\t<h2 class=\"elementor-heading-title elementor-size-default\">GET<\/h2>\t\t\t\t<\/div>\n\t\t\t\t<\/div>\n\t\t\t\t<div class=\"elementor-element elementor-element-410e88d elementor-widget-tablet__width-initial elementor-widget elementor-widget-heading\" data-id=\"410e88d\" data-element_type=\"widget\" data-e-type=\"widget\" data-widget_type=\"heading.default\">\n\t\t\t\t<div class=\"elementor-widget-container\">\n\t\t\t\t\t<h2 class=\"elementor-heading-title elementor-size-default\">IN<\/h2>\t\t\t\t<\/div>\n\t\t\t\t<\/div>\n\t\t\t\t<\/div>\n\t\t<div class=\"elementor-element elementor-element-f339dbb e-con-full e-flex e-con e-child\" data-id=\"f339dbb\" data-element_type=\"container\" data-e-type=\"container\">\n\t\t\t\t<div class=\"elementor-element elementor-element-eb33f86 elementor-widget__width-initial elementor-widget elementor-widget-image\" data-id=\"eb33f86\" data-element_type=\"widget\" data-e-type=\"widget\" data-widget_type=\"image.default\">\n\t\t\t\t<div class=\"elementor-widget-container\">\n\t\t\t\t\t\t\t\t\t\t\t\t\t\t\t<img fetchpriority=\"high\" decoding=\"async\" width=\"590\" height=\"533\" src=\"https:\/\/fgleadership.se\/wp-content\/uploads\/2024\/09\/FGL_Piktogram_RGB_Pen.png\" class=\"attachment-full size-full wp-image-1542\" alt=\"\" srcset=\"https:\/\/fgleadership.se\/wp-content\/uploads\/2024\/09\/FGL_Piktogram_RGB_Pen.png 590w, https:\/\/fgleadership.se\/wp-content\/uploads\/2024\/09\/FGL_Piktogram_RGB_Pen-300x271.png 300w, https:\/\/fgleadership.se\/wp-content\/uploads\/2024\/09\/FGL_Piktogram_RGB_Pen-13x12.png 13w\" sizes=\"(max-width: 590px) 100vw, 590px\" \/>\t\t\t\t\t\t\t\t\t\t\t\t\t\t\t<\/div>\n\t\t\t\t<\/div>\n\t\t\t\t<\/div>\n\t\t<div class=\"elementor-element elementor-element-923c06c e-con-full e-flex e-con e-child\" data-id=\"923c06c\" data-element_type=\"container\" data-e-type=\"container\">\n\t\t\t\t<div class=\"elementor-element elementor-element-526ecfb elementor-widget-tablet__width-initial elementor-widget-mobile__width-initial elementor-widget elementor-widget-heading\" data-id=\"526ecfb\" data-element_type=\"widget\" data-e-type=\"widget\" data-widget_type=\"heading.default\">\n\t\t\t\t<div class=\"elementor-widget-container\">\n\t\t\t\t\t<h2 class=\"elementor-heading-title elementor-size-default\">TOUCH<\/h2>\t\t\t\t<\/div>\n\t\t\t\t<\/div>\n\t\t\t\t<\/div>\n\t\t\t\t<\/div>\n\t\t<div class=\"elementor-element elementor-element-4abb4da e-flex e-con-boxed e-con e-parent\" data-id=\"4abb4da\" data-element_type=\"container\" data-e-type=\"container\">\n\t\t\t\t\t<div class=\"e-con-inner\">\n\t\t\t\t<div class=\"elementor-element elementor-element-4c3bd42 elementor-widget elementor-widget-heading\" data-id=\"4c3bd42\" data-element_type=\"widget\" data-e-type=\"widget\" data-widget_type=\"heading.default\">\n\t\t\t\t<div class=\"elementor-widget-container\">\n\t\t\t\t\t<h2 class=\"elementor-heading-title elementor-size-default\">SAY HI!<\/h2>\t\t\t\t<\/div>\n\t\t\t\t<\/div>\n\t\t\t\t\t<\/div>\n\t\t\t\t<\/div>\n\t\t<div class=\"elementor-element elementor-element-4670efc e-flex e-con-boxed e-con e-parent\" data-id=\"4670efc\" data-element_type=\"container\" data-e-type=\"container\">\n\t\t\t\t\t<div class=\"e-con-inner\">\n\t\t\t\t<div class=\"elementor-element elementor-element-9c2fba6 elementor-widget__width-initial elementor-widget elementor-widget-text-editor\" data-id=\"9c2fba6\" data-element_type=\"widget\" data-e-type=\"widget\" data-widget_type=\"text-editor.default\">\n\t\t\t\t<div class=\"elementor-widget-container\">\n\t\t\t\t\t\t\t\t\tCurious about how we can help you or your organization? Questions about our approach or just interested in who we are? Don\u2019t hesitate to reach out, we\u2019d love to tell you more!\t\t\t\t\t\t\t\t<\/div>\n\t\t\t\t<\/div>\n\t\t\t\t\t<\/div>\n\t\t\t\t<\/div>\n\t\t<div class=\"elementor-element elementor-element-c8b26f7 e-flex e-con-boxed e-con e-parent\" data-id=\"c8b26f7\" data-element_type=\"container\" data-e-type=\"container\">\n\t\t\t\t\t<div class=\"e-con-inner\">\n\t\t<div class=\"elementor-element elementor-element-fdb2c75 e-con-full e-flex e-con e-child\" data-id=\"fdb2c75\" data-element_type=\"container\" data-e-type=\"container\">\n\t\t\t\t<div class=\"elementor-element elementor-element-803c2ba elementor-widget-tablet_extra__width-initial elementor-widget elementor-widget-heading\" data-id=\"803c2ba\" data-element_type=\"widget\" data-e-type=\"widget\" data-widget_type=\"heading.default\">\n\t\t\t\t<div class=\"elementor-widget-container\">\n\t\t\t\t\t<h2 class=\"elementor-heading-title elementor-size-default\"><u>Ann-Sofie <br>Gustafsson<\/u><\/h2>\t\t\t\t<\/div>\n\t\t\t\t<\/div>\n\t\t\t\t<div class=\"elementor-element elementor-element-c6da9fa elementor-widget-tablet_extra__width-initial elementor-widget elementor-widget-text-editor\" data-id=\"c6da9fa\" data-element_type=\"widget\" data-e-type=\"widget\" data-widget_type=\"text-editor.default\">\n\t\t\t\t<div class=\"elementor-widget-container\">\n\t\t\t\t\t\t\t\t\t<p>+46 70 888 12 40<br \/>ann-sofie@fgleadership.se<\/p>\t\t\t\t\t\t\t\t<\/div>\n\t\t\t\t<\/div>\n\t\t\t\t<\/div>\n\t\t<div class=\"elementor-element elementor-element-ed6fffb e-con-full e-flex e-con e-child\" data-id=\"ed6fffb\" data-element_type=\"container\" data-e-type=\"container\">\n\t\t\t\t<div class=\"elementor-element elementor-element-eed345f elementor-widget elementor-widget-heading\" data-id=\"eed345f\" data-element_type=\"widget\" data-e-type=\"widget\" data-widget_type=\"heading.default\">\n\t\t\t\t<div class=\"elementor-widget-container\">\n\t\t\t\t\t<h2 class=\"elementor-heading-title elementor-size-default\"><u>Peter <br>Forsman<\/u><\/h2>\t\t\t\t<\/div>\n\t\t\t\t<\/div>\n\t\t\t\t<div class=\"elementor-element elementor-element-4258506 elementor-widget elementor-widget-text-editor\" data-id=\"4258506\" data-element_type=\"widget\" data-e-type=\"widget\" data-widget_type=\"text-editor.default\">\n\t\t\t\t<div class=\"elementor-widget-container\">\n\t\t\t\t\t\t\t\t\t<p>+46 70 888 12 41<br \/>peter@fgleadership.se<\/p>\t\t\t\t\t\t\t\t<\/div>\n\t\t\t\t<\/div>\n\t\t\t\t<\/div>\n\t\t<div class=\"elementor-element elementor-element-d0e4978 e-con-full e-flex e-con e-child\" data-id=\"d0e4978\" data-element_type=\"container\" data-e-type=\"container\">\n\t\t\t\t<div class=\"elementor-element elementor-element-2fcdcac elementor-widget elementor-widget-heading\" data-id=\"2fcdcac\" data-element_type=\"widget\" data-e-type=\"widget\" data-widget_type=\"heading.default\">\n\t\t\t\t<div class=\"elementor-widget-container\">\n\t\t\t\t\t<h2 class=\"elementor-heading-title elementor-size-default\"><u>Josefine<br>Gustafsson<\/u><\/h2>\t\t\t\t<\/div>\n\t\t\t\t<\/div>\n\t\t\t\t<div class=\"elementor-element elementor-element-d040f62 elementor-widget elementor-widget-text-editor\" data-id=\"d040f62\" data-element_type=\"widget\" data-e-type=\"widget\" data-widget_type=\"text-editor.default\">\n\t\t\t\t<div class=\"elementor-widget-container\">\n\t\t\t\t\t\t\t\t\t<p>+46 70 149 24 98<br \/>josefine@fgleadership.se<\/p>\t\t\t\t\t\t\t\t<\/div>\n\t\t\t\t<\/div>\n\t\t\t\t<\/div>\n\t\t<div class=\"elementor-element elementor-element-8aedcc3 e-con-full e-flex e-con e-child\" data-id=\"8aedcc3\" data-element_type=\"container\" data-e-type=\"container\">\n\t\t\t\t<div class=\"elementor-element elementor-element-1a38a54 elementor-widget elementor-widget-heading\" data-id=\"1a38a54\" data-element_type=\"widget\" data-e-type=\"widget\" data-widget_type=\"heading.default\">\n\t\t\t\t<div class=\"elementor-widget-container\">\n\t\t\t\t\t<h2 class=\"elementor-heading-title elementor-size-default\"><u>Ebba<br>Palm<\/u><\/h2>\t\t\t\t<\/div>\n\t\t\t\t<\/div>\n\t\t\t\t<div class=\"elementor-element elementor-element-4852e7b elementor-widget elementor-widget-text-editor\" data-id=\"4852e7b\" data-element_type=\"widget\" data-e-type=\"widget\" data-widget_type=\"text-editor.default\">\n\t\t\t\t<div class=\"elementor-widget-container\">\n\t\t\t\t\t\t\t\t\t<p>+46 73 382 78 01<br \/>ebba@fgleadership.se<\/p>\t\t\t\t\t\t\t\t<\/div>\n\t\t\t\t<\/div>\n\t\t\t\t<\/div>\n\t\t\t\t\t<\/div>\n\t\t\t\t<\/div>\n\t\t\t\t<\/div>","protected":false},"excerpt":{"rendered":"<p>H\u00d6R G\u00c4RNA AV ER S\u00c4G HEJ! Nyfiken p\u00e5 hur vi kan hj\u00e4lpa dig eller er organisation? Fr\u00e5gor kring uppl\u00e4gg eller bara nyfikna p\u00e5 vilka vi \u00e4r? Tveka inte p\u00e5 att h\u00f6ra av er s\u00e5 ber\u00e4ttar vi g\u00e4rna mer! Ann-Sofie Gustafsson +46 70 888 12 40ann-sofie@fgleadership.se Peter Forsman +46 70 888 12 41peter@fgleadership.se JosefineGustafsson +46 70 [&hellip;]<\/p>\n","protected":false},"author":1,"featured_media":0,"parent":0,"menu_order":0,"comment_status":"closed","ping_status":"closed","template":"","meta":{"footnotes":""},"class_list":["post-1599","page","type-page","status-publish","hentry"],"yoast_head":"<!-- This site is optimized with the Yoast SEO plugin v27.4 - https:\/\/yoast.com\/product\/yoast-seo-wordpress\/ -->\n<title>CONTACTS - FG Leadership<\/title>\n<meta name=\"robots\" content=\"index, follow, max-snippet:-1, max-image-preview:large, max-video-preview:-1\" \/>\n<link rel=\"canonical\" href=\"https:\/\/fgleadership.se\/en\/contacts\/\" \/>\n<meta property=\"og:locale\" content=\"en_GB\" \/>\n<meta property=\"og:type\" content=\"article\" \/>\n<meta property=\"og:title\" content=\"CONTACTS - FG Leadership\" \/>\n<meta property=\"og:description\" content=\"H\u00d6R G\u00c4RNA AV ER S\u00c4G HEJ! Nyfiken p\u00e5 hur vi kan hj\u00e4lpa dig eller er organisation? Fr\u00e5gor kring uppl\u00e4gg eller bara nyfikna p\u00e5 vilka vi \u00e4r? Tveka inte p\u00e5 att h\u00f6ra av er s\u00e5 ber\u00e4ttar vi g\u00e4rna mer! Ann-Sofie Gustafsson +46 70 888 12 40ann-sofie@fgleadership.se Peter Forsman +46 70 888 12 41peter@fgleadership.se JosefineGustafsson +46 70 [&hellip;]\" \/>\n<meta property=\"og:url\" content=\"https:\/\/fgleadership.se\/en\/contacts\/\" \/>\n<meta property=\"og:site_name\" content=\"FG Leadership\" \/>\n<meta property=\"article:modified_time\" content=\"2025-04-25T13:30:08+00:00\" \/>\n<meta property=\"og:image\" content=\"https:\/\/fgleadership.se\/wp-content\/uploads\/2024\/09\/FGL_Piktogram_RGB_Pen.png\" \/>\n\t<meta property=\"og:image:width\" content=\"590\" \/>\n\t<meta property=\"og:image:height\" content=\"533\" \/>\n\t<meta property=\"og:image:type\" content=\"image\/png\" \/>\n<meta name=\"twitter:card\" content=\"summary_large_image\" \/>\n<meta name=\"twitter:label1\" content=\"Estimated reading time\" \/>\n\t<meta name=\"twitter:data1\" content=\"1 minute\" \/>\n<script type=\"application\/ld+json\" class=\"yoast-schema-graph\">{\"@context\":\"https:\\\/\\\/schema.org\",\"@graph\":[{\"@type\":\"WebPage\",\"@id\":\"https:\\\/\\\/fgleadership.se\\\/contacts\\\/\",\"url\":\"https:\\\/\\\/fgleadership.se\\\/contacts\\\/\",\"name\":\"CONTACTS - FG Leadership\",\"isPartOf\":{\"@id\":\"https:\\\/\\\/fgleadership.se\\\/#website\"},\"primaryImageOfPage\":{\"@id\":\"https:\\\/\\\/fgleadership.se\\\/contacts\\\/#primaryimage\"},\"image\":{\"@id\":\"https:\\\/\\\/fgleadership.se\\\/contacts\\\/#primaryimage\"},\"thumbnailUrl\":\"https:\\\/\\\/fgleadership.se\\\/wp-content\\\/uploads\\\/2024\\\/09\\\/FGL_Piktogram_RGB_Pen.png\",\"datePublished\":\"2024-09-30T09:22:43+00:00\",\"dateModified\":\"2025-04-25T13:30:08+00:00\",\"breadcrumb\":{\"@id\":\"https:\\\/\\\/fgleadership.se\\\/contacts\\\/#breadcrumb\"},\"inLanguage\":\"en-GB\",\"potentialAction\":[{\"@type\":\"ReadAction\",\"target\":[\"https:\\\/\\\/fgleadership.se\\\/contacts\\\/\"]}]},{\"@type\":\"ImageObject\",\"inLanguage\":\"en-GB\",\"@id\":\"https:\\\/\\\/fgleadership.se\\\/contacts\\\/#primaryimage\",\"url\":\"https:\\\/\\\/fgleadership.se\\\/wp-content\\\/uploads\\\/2024\\\/09\\\/FGL_Piktogram_RGB_Pen.png\",\"contentUrl\":\"https:\\\/\\\/fgleadership.se\\\/wp-content\\\/uploads\\\/2024\\\/09\\\/FGL_Piktogram_RGB_Pen.png\"},{\"@type\":\"BreadcrumbList\",\"@id\":\"https:\\\/\\\/fgleadership.se\\\/contacts\\\/#breadcrumb\",\"itemListElement\":[{\"@type\":\"ListItem\",\"position\":1,\"name\":\"Hem\",\"item\":\"https:\\\/\\\/fgleadership.se\\\/\"},{\"@type\":\"ListItem\",\"position\":2,\"name\":\"CONTACTS\"}]},{\"@type\":\"WebSite\",\"@id\":\"https:\\\/\\\/fgleadership.se\\\/#website\",\"url\":\"https:\\\/\\\/fgleadership.se\\\/\",\"name\":\"FG Leadership\",\"description\":\"FG Leadership\",\"publisher\":{\"@id\":\"https:\\\/\\\/fgleadership.se\\\/#organization\"},\"potentialAction\":[{\"@type\":\"SearchAction\",\"target\":{\"@type\":\"EntryPoint\",\"urlTemplate\":\"https:\\\/\\\/fgleadership.se\\\/?s={search_term_string}\"},\"query-input\":{\"@type\":\"PropertyValueSpecification\",\"valueRequired\":true,\"valueName\":\"search_term_string\"}}],\"inLanguage\":\"en-GB\"},{\"@type\":\"Organization\",\"@id\":\"https:\\\/\\\/fgleadership.se\\\/#organization\",\"name\":\"FG Leadership\",\"url\":\"https:\\\/\\\/fgleadership.se\\\/\",\"logo\":{\"@type\":\"ImageObject\",\"inLanguage\":\"en-GB\",\"@id\":\"https:\\\/\\\/fgleadership.se\\\/#\\\/schema\\\/logo\\\/image\\\/\",\"url\":\"https:\\\/\\\/fgleadership.se\\\/wp-content\\\/uploads\\\/2024\\\/10\\\/FGL_Logotyp_2Rader_RGB_transparent.png\",\"contentUrl\":\"https:\\\/\\\/fgleadership.se\\\/wp-content\\\/uploads\\\/2024\\\/10\\\/FGL_Logotyp_2Rader_RGB_transparent.png\",\"width\":741,\"height\":288,\"caption\":\"FG Leadership\"},\"image\":{\"@id\":\"https:\\\/\\\/fgleadership.se\\\/#\\\/schema\\\/logo\\\/image\\\/\"}}]}<\/script>\n<!-- \/ Yoast SEO plugin. -->","yoast_head_json":{"title":"CONTACTS - FG Leadership","robots":{"index":"index","follow":"follow","max-snippet":"max-snippet:-1","max-image-preview":"max-image-preview:large","max-video-preview":"max-video-preview:-1"},"canonical":"https:\/\/fgleadership.se\/en\/contacts\/","og_locale":"en_GB","og_type":"article","og_title":"CONTACTS - FG Leadership","og_description":"H\u00d6R G\u00c4RNA AV ER S\u00c4G HEJ! Nyfiken p\u00e5 hur vi kan hj\u00e4lpa dig eller er organisation? Fr\u00e5gor kring uppl\u00e4gg eller bara nyfikna p\u00e5 vilka vi \u00e4r? Tveka inte p\u00e5 att h\u00f6ra av er s\u00e5 ber\u00e4ttar vi g\u00e4rna mer! Ann-Sofie Gustafsson +46 70 888 12 40ann-sofie@fgleadership.se Peter Forsman +46 70 888 12 41peter@fgleadership.se JosefineGustafsson +46 70 [&hellip;]","og_url":"https:\/\/fgleadership.se\/en\/contacts\/","og_site_name":"FG Leadership","article_modified_time":"2025-04-25T13:30:08+00:00","og_image":[{"width":590,"height":533,"url":"https:\/\/fgleadership.se\/wp-content\/uploads\/2024\/09\/FGL_Piktogram_RGB_Pen.png","type":"image\/png"}],"twitter_card":"summary_large_image","twitter_misc":{"Estimated reading time":"1 minute"},"schema":{"@context":"https:\/\/schema.org","@graph":[{"@type":"WebPage","@id":"https:\/\/fgleadership.se\/contacts\/","url":"https:\/\/fgleadership.se\/contacts\/","name":"CONTACTS - FG Leadership","isPartOf":{"@id":"https:\/\/fgleadership.se\/#website"},"primaryImageOfPage":{"@id":"https:\/\/fgleadership.se\/contacts\/#primaryimage"},"image":{"@id":"https:\/\/fgleadership.se\/contacts\/#primaryimage"},"thumbnailUrl":"https:\/\/fgleadership.se\/wp-content\/uploads\/2024\/09\/FGL_Piktogram_RGB_Pen.png","datePublished":"2024-09-30T09:22:43+00:00","dateModified":"2025-04-25T13:30:08+00:00","breadcrumb":{"@id":"https:\/\/fgleadership.se\/contacts\/#breadcrumb"},"inLanguage":"en-GB","potentialAction":[{"@type":"ReadAction","target":["https:\/\/fgleadership.se\/contacts\/"]}]},{"@type":"ImageObject","inLanguage":"en-GB","@id":"https:\/\/fgleadership.se\/contacts\/#primaryimage","url":"https:\/\/fgleadership.se\/wp-content\/uploads\/2024\/09\/FGL_Piktogram_RGB_Pen.png","contentUrl":"https:\/\/fgleadership.se\/wp-content\/uploads\/2024\/09\/FGL_Piktogram_RGB_Pen.png"},{"@type":"BreadcrumbList","@id":"https:\/\/fgleadership.se\/contacts\/#breadcrumb","itemListElement":[{"@type":"ListItem","position":1,"name":"Hem","item":"https:\/\/fgleadership.se\/"},{"@type":"ListItem","position":2,"name":"CONTACTS"}]},{"@type":"WebSite","@id":"https:\/\/fgleadership.se\/#website","url":"https:\/\/fgleadership.se\/","name":"FG Leadership","description":"FG Leadership","publisher":{"@id":"https:\/\/fgleadership.se\/#organization"},"potentialAction":[{"@type":"SearchAction","target":{"@type":"EntryPoint","urlTemplate":"https:\/\/fgleadership.se\/?s={search_term_string}"},"query-input":{"@type":"PropertyValueSpecification","valueRequired":true,"valueName":"search_term_string"}}],"inLanguage":"en-GB"},{"@type":"Organization","@id":"https:\/\/fgleadership.se\/#organization","name":"FG Leadership","url":"https:\/\/fgleadership.se\/","logo":{"@type":"ImageObject","inLanguage":"en-GB","@id":"https:\/\/fgleadership.se\/#\/schema\/logo\/image\/","url":"https:\/\/fgleadership.se\/wp-content\/uploads\/2024\/10\/FGL_Logotyp_2Rader_RGB_transparent.png","contentUrl":"https:\/\/fgleadership.se\/wp-content\/uploads\/2024\/10\/FGL_Logotyp_2Rader_RGB_transparent.png","width":741,"height":288,"caption":"FG Leadership"},"image":{"@id":"https:\/\/fgleadership.se\/#\/schema\/logo\/image\/"}}]}},"_links":{"self":[{"href":"https:\/\/fgleadership.se\/en\/wp-json\/wp\/v2\/pages\/1599","targetHints":{"allow":["GET"]}}],"collection":[{"href":"https:\/\/fgleadership.se\/en\/wp-json\/wp\/v2\/pages"}],"about":[{"href":"https:\/\/fgleadership.se\/en\/wp-json\/wp\/v2\/types\/page"}],"author":[{"embeddable":true,"href":"https:\/\/fgleadership.se\/en\/wp-json\/wp\/v2\/users\/1"}],"replies":[{"embeddable":true,"href":"https:\/\/fgleadership.se\/en\/wp-json\/wp\/v2\/comments?post=1599"}],"version-history":[{"count":54,"href":"https:\/\/fgleadership.se\/en\/wp-json\/wp\/v2\/pages\/1599\/revisions"}],"predecessor-version":[{"id":2576,"href":"https:\/\/fgleadership.se\/en\/wp-json\/wp\/v2\/pages\/1599\/revisions\/2576"}],"wp:attachment":[{"href":"https:\/\/fgleadership.se\/en\/wp-json\/wp\/v2\/media?parent=1599"}],"curies":[{"name":"wp","href":"https:\/\/api.w.org\/{rel}","templated":true}]}}